{"id":5289,"date":"2022-04-22T20:23:54","date_gmt":"2022-04-22T18:23:54","guid":{"rendered":"https:\/\/mainecooncorp.com\/faq\/"},"modified":"2022-04-22T20:23:54","modified_gmt":"2022-04-22T18:23:54","slug":"faq","status":"publish","type":"page","link":"https:\/\/mainecooncorp.com\/en\/faq\/","title":{"rendered":"FAQ"},"content":{"rendered":"<p>[vc_row rt_row_background_width=&#8221;default&#8221; rt_row_style=&#8221;default-style&#8221; rt_row_borders=&#8221;&#8221; rt_row_paddings=&#8221;true&#8221; rt_bg_effect=&#8221;classic&#8221; rt_bg_image_repeat=&#8221;repeat&#8221; rt_bg_size=&#8221;cover&#8221; rt_bg_position=&#8221;right top&#8221; rt_bg_attachment=&#8221;scroll&#8221; rt_bg_video_format=&#8221;self-hosted&#8221;][vc_column rt_wrp_col_paddings=&#8221;false&#8221; rt_border_top=&#8221;&#8221; rt_border_bottom=&#8221;&#8221; rt_border_left=&#8221;&#8221; rt_border_right=&#8221;&#8221; rt_border_top_mobile=&#8221;&#8221; rt_border_bottom_mobile=&#8221;&#8221; rt_border_left_mobile=&#8221;&#8221; rt_border_right_mobile=&#8221;&#8221; rt_bg_image_repeat=&#8221;repeat&#8221; rt_bg_size=&#8221;auto auto&#8221; rt_bg_position=&#8221;right top&#8221; rt_bg_attachment=&#8221;scroll&#8221;][vc_toggle title=&#8221;Quels sont les sp\u00e9cificit\u00e9s des maine coons par rapport \u00e0 d&#8217;autres races ?&#8221;]D\u00e9j\u00e0 les maine coon sont des grands chats, un m\u00e2le adulte fait en g\u00e9n\u00e9ral 8-9 kg, cela pouvant monter exceptionnellement \u00e0 10-12 kg. Les femelles sont un peu plus petite et p\u00e8sent en g\u00e9n\u00e9ral 5 \u00e0 7 kg. Au niveau du caract\u00e8re les maine coons sont une sorte de maillon manquant entre le chien et le chat, ils ont un maitre avec qui ils partagent toute leur affection, ceux sont des chats extr\u00eamement gentils et hyper c\u00e2lins. Votre maine coon aura le caract\u00e8re que vous lui donnerez, si vous lui accordez de l&#8217;attention il deviendra votre meilleur amis.\u00a0<a href=\"https:\/\/mainecooncorp.fr\/le-maine-coon-le-roi-des-chats\/\">https:\/\/mainecooncorp.fr\/le-maine-coon-le-roi-des-chats\/<\/a>[\/vc_toggle][vc_toggle title=&#8221;Combien co\u00fbte un Maine Coon \u00e0 l&#8217;adoption ?&#8221;]Le prix d&#8217;adoption d&#8217;un maine coon est tr\u00e8s variable, il peut aller de 1000\u20ac \u00e0 13000\u20ac pour un chaton. On peut trouver des chat d&#8217;\u00e9levage \u00e0 la retraite adulte pour 400-500\u20ac. Il est possible de trouver des maine coon \u00e0 des tarifs inf\u00e9rieurs \u00e0 ceux cit\u00e9s pr\u00e9c\u00e9demment, mais dans ce cas il faut \u00eatre bien vigilent car souvent ils ne r\u00e9pondent pas \u00e0 tous les crit\u00e8res de la race, ou parfois sont non LOOF. Adopter un chaton dans un \u00e9levage professionnel offre (en g\u00e9n\u00e9ral) une garantie sur les origines du chatons avec des parents qui correspondent aux crit\u00e8res de la race, ainsi une garantie sur les conditions d&#8217;\u00e9levage et de sociabilisation.<\/p>\n<p>Le tarif d\u00e9pendra de la robe du chaton, les high silver, shaded et shell co\u00fbtent plus cher que les robes dites &#8220;classiques&#8221;. Un chaton pour la reproduction coutera \u00e9galement plus cher qu&#8217;un chaton pour la compagnie.<\/p>\n<p>Il ne faut pas oublier que le co\u00fbt de l&#8217;adoption n&#8217;est qu&#8217;un d\u00e9but, il faut savoir que ces petites boules de poils on besoin d&#8217;\u00e9quipement sp\u00e9cifiques : liti\u00e8re, arbre a chat, jouet, &#8230; mais \u00e9galement on besoin d&#8217;une alimentation de qualit\u00e9 et de soins v\u00e9t\u00e9rinaires &#8230; et tout cela \u00e0 \u00e9galement un co\u00fbt qu&#8217;il faut anticiper avant de se lancer dans l&#8217;adoption d&#8217;un Maine Coon.<\/p>\n<p>Si vous vous sentez un peu perdu, n&#8217;ayez pas d&#8217;inqui\u00e9tude, \u00e0 la Maine Coon Corp. nous vous accompagnons et vous conseillons dans la construction de votre projet d&#8217;adoption, mais \u00e9galement tout au long de la vie de votre minou.[\/vc_toggle][vc_toggle title=&#8221;A quel \u00e2ge je vais recup\u00e9rer mon chaton ?&#8221;]Les chatons quittent la chatterie uniquement si ils sont bien sevr\u00e9s. Ils doivent se nourrir de croquettes, avoir un bon gabarit et \u00eatre ind\u00e9pendant de leur maman. En g\u00e9n\u00e9ral cela est possible \u00e0 partir de 3 mois. La date du d\u00e9part est donc vraiment d\u00e9pendante des chatons.<\/p>\n<p>Pour les chatons qui partent \u00e0 l&#8217;\u00e9tranger, le d\u00e9part est pr\u00e9vu \u00e0 4 mois car ils doivent avoir leur passeport et \u00eatre vaccin\u00e9s contre la rage avec un titrage antirabique, ce qui n\u00e9cessites quelques semaines de plus.[\/vc_toggle][vc_toggle title=&#8221;Est-ce que je dois pr\u00e9voir quelque chose avant l&#8217;arriv\u00e9e de mon chaton \u00e0 la maison ?&#8221;]Avant que votre boule de poil arrive chez vous il y a 2-3 choses a pr\u00e9voir. Les chatons ont \u00e9t\u00e9 habitu\u00e9s a utiliser une fontaine \u00e0 eau, des arbres a chats, de la liti\u00e8re agglom\u00e9rante et des jouets. Nous vous conseillons la fontaine de la marque Petsafe; pour les arbres a chats il faut en prendre adapt\u00e9s \u00e0 la taille des maine coons, et pour la liti\u00e8re pas de recommandation sp\u00e9ciale.<\/p>\n<p>Nous allons donner un \u00e9chantillon de croquettes pour tenir les premiers jours, mais nous vous conseillons de les acheter \u00e0 l&#8217;avance, ils ont \u00e9t\u00e9 sevr\u00e9s avec des croquettes Purizon Kitten.[\/vc_toggle][vc_toggle title=&#8221;Est ce que je peux changer la marque de ses croquettes ?&#8221;]Il est d\u00e9conseiller de changer les croquettes tant que tout va bien. En effet les maine coon sont sensibles des intestins et risquent d&#8217;\u00eatre d\u00e9r\u00e9gl\u00e9s. Si vous changer ses croquettes il est indispensable de faire une transition en ajoutant progressivement les nouvelles croquettes aux anciennes, jusqu&#8217;\u00e0 se retrouver que avec les nouvelles croquettes (transition sur 15 jours environ). Evitez les croquettes de supermarch\u00e9, \u00e0 la chatterie nous utilisons un m\u00e9lange de la marque purizon et concept for life, mais d&#8217;autres marques sont bien \u00e9galement comme par exemple farmina, carnilove, virbac (v\u00e9t\u00e9rinaire), &#8230;[\/vc_toggle][vc_toggle title=&#8221;Jusqu&#8217;\u00e0 quel \u00e0ge je dois lui donner des croquettes chatons ?&#8221;]Les maine coon ont une croissance lente, ils grandissent beaucoup en taille jusqu&#8217;\u00e0 2 ans et continuent \u00e0 prendre de la masse jusqu&#8217;\u00e0 3-4 ans. Vous pouvez donc leur laisser les croquettes chatons a volont\u00e9 jusqu&#8217;\u00e0 l&#8217;\u00e2ge de un an, un an et demi sans probl\u00e8me.[\/vc_toggle][vc_toggle title=&#8221;Les chatons peuvent-ils \u00eatre vendu en dehors de la france ?&#8221;]Bien s\u00fbr, les chatons peuvent \u00eatre vendus partout dans le monde. Nous faisons appel \u00e0 des transporteurs animaliers professionnels qui transportent le chaton soit par voie terrestre en v\u00e9hicules sp\u00e9cialis\u00e9s, soit par voie a\u00e9rienne. En cas de transport longue distance les chatons ne partent pas avant l&#8217;\u00e2ge de 4 mois, ils sont \u00e9galement vaccin\u00e9s contre la rage et ont un passeport leur permettant de sortir de France et de l&#8217;UE.<\/p>\n<p>Bient\u00f4t les transports seront effectu\u00e9s par un membre de la Maine Coon Corp pour reduire les co\u00fbts de transport qui sont \u00e0 la charge de l&#8217;adoptant.[\/vc_toggle][vc_toggle title=&#8221;Pourquoi les maine coon shaded et shell sont-ils si chers ?&#8221;]Les robes shaded (ombrag\u00e9es) et shell (coquille), sont des couleurs tr\u00e8s compliqu\u00e9s \u00e0 obtenir et tr\u00e8s recherch\u00e9es. Pour obtenir un chaton shaded ou shell il faut r\u00e9ussir \u00e0 r\u00e9unir 3 g\u00e8nes diff\u00e9rents, le g\u00e8ne agouti, le g\u00e8ne silver et le g\u00e8ne shaded. Il faut donc beaucoup travailler sur les reproducteurs pour avoir une chance de r\u00e9unir ces g\u00e8nes. A la Maine Coon Corp, notre m\u00e2le reproducteur <a href=\"https:\/\/mainecooncorp.com\/team\/taz\/\">Taz<\/a> poss\u00e8de ces 3 g\u00e8nes et toutes <a href=\"https:\/\/mainecooncorp.com\/en\/equipe\/\">nos femelles<\/a> poss\u00e8dent 2 ou 3 de ces g\u00e8nes, ce qui nous assure un maximum de chance d&#8217;avoir des shaded \u00e0 chaque port\u00e9e, il nous a fallu plusieurs ann\u00e9es de travaille de s\u00e9lection de nos reproducteurs pour en arriver l\u00e0.<\/p>\n<p>Les shell sont des shaded o\u00f9 les g\u00e8nes se surexpriment, la robe parait blanche avec quelques reflets color\u00e9s par ci par l\u00e0. Ils sont encore plus rare que les shaded, d&#8217;ou leur prix encore plus cher.<\/p>\n<p>Il est \u00e9galement tr\u00e8s dur d&#8217;en trouver pour la compagnie car ils sont tr\u00e8s pris\u00e9s des \u00e9leveurs qui souvent les r\u00e9servent avant m\u00eame que les chatons soient n\u00e9s ou con\u00e7us &#8230;[\/vc_toggle][\/vc_column][\/vc_row]<\/p>\n","protected":false},"excerpt":{"rendered":"<p>[vc_row rt_row_background_width=&#8221;default&#8221; rt_row_style=&#8221;default-style&#8221; rt_row_borders=&#8221;&#8221; rt_row_paddings=&#8221;true&#8221; rt_bg_effect=&#8221;classic&#8221; rt_bg_image_repeat=&#8221;repeat&#8221; rt_bg_size=&#8221;cover&#8221; rt_bg_position=&#8221;right top&#8221; rt_bg_attachment=&#8221;scroll&#8221; rt_bg_video_format=&#8221;self-hosted&#8221;][vc_column rt_wrp_col_paddings=&#8221;false&#8221; rt_border_top=&#8221;&#8221; rt_border_bottom=&#8221;&#8221; rt_border_left=&#8221;&#8221; rt_border_right=&#8221;&#8221; rt_border_top_mobile=&#8221;&#8221; rt_border_bottom_mobile=&#8221;&#8221; rt_border_left_mobile=&#8221;&#8221; rt_border_right_mobile=&#8221;&#8221; rt_bg_image_repeat=&#8221;repeat&#8221; rt_bg_size=&#8221;auto auto&#8221; rt_bg_position=&#8221;right top&#8221; rt_bg_attachment=&#8221;scroll&#8221;][vc_toggle title=&#8221;Quels sont les sp\u00e9cificit\u00e9s des maine coons par rapport \u00e0 d&#8217;autres races ?&#8221;]D\u00e9j\u00e0 les maine coon sont des grands chats, un m\u00e2le adulte fait en g\u00e9n\u00e9ral 8-9 kg, [&hellip;]<\/p>\n","protected":false},"author":3,"featured_media":0,"parent":0,"menu_order":0,"comment_status":"closed","ping_status":"closed","template":"","meta":{"_monsterinsights_skip_tracking":false,"_monsterinsights_sitenote_active":false,"_monsterinsights_sitenote_note":"","_monsterinsights_sitenote_category":0,"footnotes":""},"class_list":["post-5289","page","type-page","status-publish","hentry"],"yoast_head":"<!-- This site is optimized with the Yoast SEO plugin v27.3 - https:\/\/yoast.com\/product\/yoast-seo-wordpress\/ -->\n<title>FAQ - Maine Coon Corp<\/title>\n<meta name=\"robots\" content=\"index, follow, max-snippet:-1, max-image-preview:large, max-video-preview:-1\" \/>\n<link rel=\"canonical\" href=\"https:\/\/mainecooncorp.com\/en\/faq\/\" \/>\n<meta property=\"og:locale\" content=\"en_US\" \/>\n<meta property=\"og:type\" content=\"article\" \/>\n<meta property=\"og:title\" content=\"FAQ - Maine Coon Corp\" \/>\n<meta property=\"og:description\" content=\"[vc_row rt_row_background_width=&#8221;default&#8221; rt_row_style=&#8221;default-style&#8221; rt_row_borders=&#8221;&#8221; rt_row_paddings=&#8221;true&#8221; rt_bg_effect=&#8221;classic&#8221; rt_bg_image_repeat=&#8221;repeat&#8221; rt_bg_size=&#8221;cover&#8221; rt_bg_position=&#8221;right top&#8221; rt_bg_attachment=&#8221;scroll&#8221; rt_bg_video_format=&#8221;self-hosted&#8221;][vc_column rt_wrp_col_paddings=&#8221;false&#8221; rt_border_top=&#8221;&#8221; rt_border_bottom=&#8221;&#8221; rt_border_left=&#8221;&#8221; rt_border_right=&#8221;&#8221; rt_border_top_mobile=&#8221;&#8221; rt_border_bottom_mobile=&#8221;&#8221; rt_border_left_mobile=&#8221;&#8221; rt_border_right_mobile=&#8221;&#8221; rt_bg_image_repeat=&#8221;repeat&#8221; rt_bg_size=&#8221;auto auto&#8221; rt_bg_position=&#8221;right top&#8221; rt_bg_attachment=&#8221;scroll&#8221;][vc_toggle title=&#8221;Quels sont les sp\u00e9cificit\u00e9s des maine coons par rapport \u00e0 d&#8217;autres races ?&#8221;]D\u00e9j\u00e0 les maine coon sont des grands chats, un m\u00e2le adulte fait en g\u00e9n\u00e9ral 8-9 kg, [&hellip;]\" \/>\n<meta property=\"og:url\" content=\"https:\/\/mainecooncorp.com\/en\/faq\/\" \/>\n<meta property=\"og:site_name\" content=\"Maine Coon Corp\" \/>\n<meta name=\"twitter:card\" content=\"summary_large_image\" \/>\n<meta name=\"twitter:label1\" content=\"Est. reading time\" \/>\n\t<meta name=\"twitter:data1\" content=\"6 minutes\" \/>\n<script type=\"application\/ld+json\" class=\"yoast-schema-graph\">{\"@context\":\"https:\\\/\\\/schema.org\",\"@graph\":[{\"@type\":\"WebPage\",\"@id\":\"https:\\\/\\\/mainecooncorp.com\\\/en\\\/faq\\\/\",\"url\":\"https:\\\/\\\/mainecooncorp.com\\\/en\\\/faq\\\/\",\"name\":\"FAQ - Maine Coon Corp\",\"isPartOf\":{\"@id\":\"https:\\\/\\\/mainecooncorp.com\\\/en\\\/#website\"},\"datePublished\":\"2022-04-22T18:23:54+00:00\",\"breadcrumb\":{\"@id\":\"https:\\\/\\\/mainecooncorp.com\\\/en\\\/faq\\\/#breadcrumb\"},\"inLanguage\":\"en-US\",\"potentialAction\":[{\"@type\":\"ReadAction\",\"target\":[\"https:\\\/\\\/mainecooncorp.com\\\/en\\\/faq\\\/\"]}]},{\"@type\":\"BreadcrumbList\",\"@id\":\"https:\\\/\\\/mainecooncorp.com\\\/en\\\/faq\\\/#breadcrumb\",\"itemListElement\":[{\"@type\":\"ListItem\",\"position\":1,\"name\":\"Home\",\"item\":\"https:\\\/\\\/mainecooncorp.com\\\/en\\\/\"},{\"@type\":\"ListItem\",\"position\":2,\"name\":\"FAQ\"}]},{\"@type\":\"WebSite\",\"@id\":\"https:\\\/\\\/mainecooncorp.com\\\/en\\\/#website\",\"url\":\"https:\\\/\\\/mainecooncorp.com\\\/en\\\/\",\"name\":\"Maine Coon Corp\",\"description\":\"Chatons Shaded &amp; Shell\",\"potentialAction\":[{\"@type\":\"SearchAction\",\"target\":{\"@type\":\"EntryPoint\",\"urlTemplate\":\"https:\\\/\\\/mainecooncorp.com\\\/en\\\/?s={search_term_string}\"},\"query-input\":{\"@type\":\"PropertyValueSpecification\",\"valueRequired\":true,\"valueName\":\"search_term_string\"}}],\"inLanguage\":\"en-US\"}]}<\/script>\n<!-- \/ Yoast SEO plugin. -->","yoast_head_json":{"title":"FAQ - Maine Coon Corp","robots":{"index":"index","follow":"follow","max-snippet":"max-snippet:-1","max-image-preview":"max-image-preview:large","max-video-preview":"max-video-preview:-1"},"canonical":"https:\/\/mainecooncorp.com\/en\/faq\/","og_locale":"en_US","og_type":"article","og_title":"FAQ - Maine Coon Corp","og_description":"[vc_row rt_row_background_width=&#8221;default&#8221; rt_row_style=&#8221;default-style&#8221; rt_row_borders=&#8221;&#8221; rt_row_paddings=&#8221;true&#8221; rt_bg_effect=&#8221;classic&#8221; rt_bg_image_repeat=&#8221;repeat&#8221; rt_bg_size=&#8221;cover&#8221; rt_bg_position=&#8221;right top&#8221; rt_bg_attachment=&#8221;scroll&#8221; rt_bg_video_format=&#8221;self-hosted&#8221;][vc_column rt_wrp_col_paddings=&#8221;false&#8221; rt_border_top=&#8221;&#8221; rt_border_bottom=&#8221;&#8221; rt_border_left=&#8221;&#8221; rt_border_right=&#8221;&#8221; rt_border_top_mobile=&#8221;&#8221; rt_border_bottom_mobile=&#8221;&#8221; rt_border_left_mobile=&#8221;&#8221; rt_border_right_mobile=&#8221;&#8221; rt_bg_image_repeat=&#8221;repeat&#8221; rt_bg_size=&#8221;auto auto&#8221; rt_bg_position=&#8221;right top&#8221; rt_bg_attachment=&#8221;scroll&#8221;][vc_toggle title=&#8221;Quels sont les sp\u00e9cificit\u00e9s des maine coons par rapport \u00e0 d&#8217;autres races ?&#8221;]D\u00e9j\u00e0 les maine coon sont des grands chats, un m\u00e2le adulte fait en g\u00e9n\u00e9ral 8-9 kg, [&hellip;]","og_url":"https:\/\/mainecooncorp.com\/en\/faq\/","og_site_name":"Maine Coon Corp","twitter_card":"summary_large_image","twitter_misc":{"Est. reading time":"6 minutes"},"schema":{"@context":"https:\/\/schema.org","@graph":[{"@type":"WebPage","@id":"https:\/\/mainecooncorp.com\/en\/faq\/","url":"https:\/\/mainecooncorp.com\/en\/faq\/","name":"FAQ - Maine Coon Corp","isPartOf":{"@id":"https:\/\/mainecooncorp.com\/en\/#website"},"datePublished":"2022-04-22T18:23:54+00:00","breadcrumb":{"@id":"https:\/\/mainecooncorp.com\/en\/faq\/#breadcrumb"},"inLanguage":"en-US","potentialAction":[{"@type":"ReadAction","target":["https:\/\/mainecooncorp.com\/en\/faq\/"]}]},{"@type":"BreadcrumbList","@id":"https:\/\/mainecooncorp.com\/en\/faq\/#breadcrumb","itemListElement":[{"@type":"ListItem","position":1,"name":"Home","item":"https:\/\/mainecooncorp.com\/en\/"},{"@type":"ListItem","position":2,"name":"FAQ"}]},{"@type":"WebSite","@id":"https:\/\/mainecooncorp.com\/en\/#website","url":"https:\/\/mainecooncorp.com\/en\/","name":"Maine Coon Corp","description":"Chatons Shaded &amp; Shell","potentialAction":[{"@type":"SearchAction","target":{"@type":"EntryPoint","urlTemplate":"https:\/\/mainecooncorp.com\/en\/?s={search_term_string}"},"query-input":{"@type":"PropertyValueSpecification","valueRequired":true,"valueName":"search_term_string"}}],"inLanguage":"en-US"}]}},"_links":{"self":[{"href":"https:\/\/mainecooncorp.com\/en\/wp-json\/wp\/v2\/pages\/5289","targetHints":{"allow":["GET"]}}],"collection":[{"href":"https:\/\/mainecooncorp.com\/en\/wp-json\/wp\/v2\/pages"}],"about":[{"href":"https:\/\/mainecooncorp.com\/en\/wp-json\/wp\/v2\/types\/page"}],"author":[{"embeddable":true,"href":"https:\/\/mainecooncorp.com\/en\/wp-json\/wp\/v2\/users\/3"}],"replies":[{"embeddable":true,"href":"https:\/\/mainecooncorp.com\/en\/wp-json\/wp\/v2\/comments?post=5289"}],"version-history":[{"count":0,"href":"https:\/\/mainecooncorp.com\/en\/wp-json\/wp\/v2\/pages\/5289\/revisions"}],"wp:attachment":[{"href":"https:\/\/mainecooncorp.com\/en\/wp-json\/wp\/v2\/media?parent=5289"}],"curies":[{"name":"wp","href":"https:\/\/api.w.org\/{rel}","templated":true}]}}