{"id":5253,"date":"2015-02-02T04:30:57","date_gmt":"2015-02-02T03:30:57","guid":{"rendered":"https:\/\/mainecooncorp.com\/a-propos-de\/"},"modified":"2023-04-08T20:15:10","modified_gmt":"2023-04-08T18:15:10","slug":"a-propos-de","status":"publish","type":"page","link":"https:\/\/mainecooncorp.com\/en\/a-propos-de\/","title":{"rendered":"About us &#8230;"},"content":{"rendered":"<p>[vc_row rt_row_background_width=&#8221;fullwidth&#8221; rt_row_content_width=&#8221;default&#8221; rt_row_style=&#8221;alt-style-1&#8243; rt_row_borders=&#8221;&#8221; rt_grid=&#8221;true&#8221; rt_row_paddings=&#8221;true&#8221; rt_bg_effect=&#8221;classic&#8221; rt_bg_image_repeat=&#8221;repeat&#8221; rt_bg_size=&#8221;cover&#8221; rt_bg_position=&#8221;right top&#8221; rt_bg_attachment=&#8221;scroll&#8221; rt_bg_video_format=&#8221;self-hosted&#8221; rt_padding_top=&#8221;60&#8243; rt_padding_bottom=&#8221;60&#8243;][vc_column rt_wrp_col_paddings=&#8221;false&#8221; rt_border_top=&#8221;&#8221; rt_border_bottom=&#8221;&#8221; rt_border_left=&#8221;&#8221; rt_border_right=&#8221;&#8221; rt_border_top_mobile=&#8221;&#8221; rt_border_bottom_mobile=&#8221;&#8221; rt_border_left_mobile=&#8221;&#8221; rt_border_right_mobile=&#8221;&#8221; rt_bg_image_repeat=&#8221;repeat&#8221; rt_bg_size=&#8221;auto auto&#8221; rt_bg_position=&#8221;right top&#8221; rt_bg_attachment=&#8221;scroll&#8221;]<div class=\"rt_heading_wrapper style-1\">\n\t\t\t\t\t\t<h5 class=\"rt_heading  style-1\" >Our vision of breeding<\/h5>\n\t\t\t\t\t<\/div>[vc_column_text]Maine Coon Corp. is a professional family breeder specializing in shaded maine coons. This means that all our cats and kittens benefit from professional attention and care with appropriate equipment, while evolving in a family environment. Our cats live and grow up in a large family with children of all ages, as well as other reformed Maine Coons and a large doggie. We make the socialization of our kittens a priority because apart from their good health, there is nothing more important than to have a well-balanced cat psychologically, for him and for his future master.<\/p>\n<p>Nous essayons de faire en sorte que nos femelles ne fassent qu&#8217;une port\u00e9e par an pour qu&#8217;elles aient bien le temps de se reposer, en effet cela est tr\u00e8s \u00e9prouvant pour elles. Pendant ce temps elles vivent avec nous comme tous nos chats. Nous faisons en sorte de ne pas avoir plusieurs port\u00e9s en m\u00eame temps. 15 jours avant la mise bas, les femelles gestantes rejoignent notre chambre qui est \u00e9quip\u00e9e pour qu&#8217;elle trouvent un nid douill\u00e9 ou mettre bas. Ensuite la maman et les chatons restent isol\u00e9s avec nous jusqu&#8217;\u00e0 la vaccination, sans contact avec les autres chats pour ne pas risquer d&#8217;attraper de maladies exog\u00e8nes. Une fois vaccin\u00e9s, ils rejoignent toute la communaut\u00e9, et ont une pi\u00e8ce qui leur est r\u00e9serv\u00e9e pour se reposer et passer les nuits, tout cela jusqu&#8217;\u00e0 leur d\u00e9part.<\/p>\n<p>We try to ensure that our females only make one litter a year so that they have plenty of time to rest, indeed this is very trying for them. During this time they live with us like all our cats. We make sure not to have several worn at the same time. 15 days before giving birth, the pregnant females join our room which is equipped for them to find a cozy nest or give birth. Then the mother and the kittens remain isolated with us until the vaccination, without contact with the other cats so as not to risk catching exogenous diseases. Once vaccinated, they join the whole community, and have a room reserved for them to rest and spend the nights, all this until their departure.<\/p>\n<p><a href=\"https:\/\/mainecooncorp.com\/en\/equipe\/\">La Team<\/a><\/p>\n<p><a href=\"https:\/\/mainecooncorp.fr\/galerie\/\">Galerie<\/a>[\/vc_column_text][\/vc_column][\/vc_row][vc_row rt_row_background_width=&#8221;default&#8221; rt_row_style=&#8221;default-style&#8221; rt_row_borders=&#8221;&#8221; rt_row_paddings=&#8221;true&#8221; rt_bg_effect=&#8221;classic&#8221; rt_bg_image_repeat=&#8221;repeat&#8221; rt_bg_size=&#8221;cover&#8221; rt_bg_position=&#8221;right top&#8221; rt_bg_attachment=&#8221;scroll&#8221; rt_bg_video_format=&#8221;self-hosted&#8221;][vc_column rt_wrp_col_paddings=&#8221;false&#8221; rt_border_top=&#8221;&#8221; rt_border_bottom=&#8221;&#8221; rt_border_left=&#8221;&#8221; rt_border_right=&#8221;&#8221; rt_border_top_mobile=&#8221;&#8221; rt_border_bottom_mobile=&#8221;&#8221; rt_border_left_mobile=&#8221;&#8221; rt_border_right_mobile=&#8221;&#8221; rt_bg_image_repeat=&#8221;repeat&#8221; rt_bg_size=&#8221;auto auto&#8221; rt_bg_position=&#8221;right top&#8221; rt_bg_attachment=&#8221;scroll&#8221;]\r\n\t\t\t\t<div id=\"slider-image-carousel-547130\" class=\"rt-carousel rt-image-carousel carousel-holder clearfix rt-image-carousel \" data-item-width=\"6\" data-nav=\"true\" data-dots=\"false\" data-margin=\"\" data-autoplay=\"true\" data-timeout=\"2000\" data-loop=\"false\" data-tablet-item-width=\"1\" data-mobile-item-width=\"1\">\r\n\t\t\t\t\t<div class=\"owl-carousel\">\r\n\t\t\t\t\t\t<div><img decoding=\"async\" src=\"https:\/\/mainecooncorp.com\/wp-content\/uploads\/2022\/07\/1000004838-02_edited-copie-scaled-735x980.jpg\" alt=\"\" itemprop=\"image\"><\/div><div><img decoding=\"async\" src=\"https:\/\/mainecooncorp.com\/wp-content\/uploads\/2022\/04\/20210913_091132-01_edited_edited-copie-scaled-734x980.jpg\" alt=\"\" itemprop=\"image\"><\/div><div><img decoding=\"async\" src=\"https:\/\/mainecooncorp.com\/wp-content\/uploads\/2023\/02\/20220813_200158-01_edited-copie-scaled-735x980.jpg\" alt=\"\" itemprop=\"image\"><\/div><div><img decoding=\"async\" src=\"https:\/\/mainecooncorp.com\/wp-content\/uploads\/2023\/01\/20230226_113343_edited-copie-scaled-736x980.jpg\" alt=\"\" itemprop=\"image\"><\/div><div><img decoding=\"async\" src=\"https:\/\/mainecooncorp.com\/wp-content\/uploads\/2018\/05\/received_886449349312015_edited-copie-736x980.jpg\" alt=\"\" itemprop=\"image\"><\/div><div><img decoding=\"async\" src=\"https:\/\/mainecooncorp.com\/wp-content\/uploads\/2022\/07\/Screenshot_20220422-161448_Instagram_edited_edited-copie-735x980.jpg\" alt=\"\" itemprop=\"image\"><\/div><div><img decoding=\"async\" src=\"https:\/\/mainecooncorp.com\/wp-content\/uploads\/2023\/02\/20221203_130603-01_edited-copie-736x980.jpg\" alt=\"\" itemprop=\"image\"><\/div><div><img decoding=\"async\" src=\"https:\/\/mainecooncorp.com\/wp-content\/uploads\/2022\/08\/20230226_114957_edited-copie-scaled-735x980.jpg\" alt=\"\" itemprop=\"image\"><\/div><div><img decoding=\"async\" src=\"https:\/\/mainecooncorp.com\/wp-content\/uploads\/2023\/02\/20230226_113102_edited-copie-735x980.jpg\" alt=\"\" itemprop=\"image\"><\/div><div><img decoding=\"async\" src=\"https:\/\/mainecooncorp.com\/wp-content\/uploads\/2023\/02\/20220331_212345_edited-copie-2-scaled-736x980.jpg\" alt=\"\" itemprop=\"image\"><\/div><div><img decoding=\"async\" src=\"https:\/\/mainecooncorp.com\/wp-content\/uploads\/2023\/02\/20221119_183134-02_edited-copie-scaled-735x980.jpg\" alt=\"\" itemprop=\"image\"><\/div><div><img decoding=\"async\" src=\"https:\/\/mainecooncorp.com\/wp-content\/uploads\/2022\/05\/IMGL3874-copy_edited-Recupere-scaled-735x980.jpg\" alt=\"\" itemprop=\"image\"><\/div><div><img decoding=\"async\" src=\"https:\/\/mainecooncorp.com\/wp-content\/uploads\/2022\/06\/IMGL3859-copy_edited-copie-scaled-735x980.jpg\" alt=\"\" itemprop=\"image\"><\/div><div><img decoding=\"async\" src=\"https:\/\/mainecooncorp.com\/wp-content\/uploads\/2022\/04\/Gizmo-030422-photo-6_edited-copie-scaled-735x980.jpg\" alt=\"\" itemprop=\"image\"><\/div><div><img decoding=\"async\" src=\"https:\/\/mainecooncorp.com\/wp-content\/uploads\/2022\/04\/Screenshot_20220422-161457_Instagram_edited-735x980.jpg\" alt=\"\" itemprop=\"image\"><\/div><div><img decoding=\"async\" src=\"https:\/\/mainecooncorp.com\/wp-content\/uploads\/2022\/04\/20220307_200441-01_edited_edited-scaled-735x980.jpg\" alt=\"\" itemprop=\"image\"><\/div><div><img decoding=\"async\" src=\"https:\/\/mainecooncorp.com\/wp-content\/uploads\/2018\/05\/IMGL4553-copie_edited_edited-copie-1-scaled-735x980.jpg\" alt=\"\" itemprop=\"image\"><\/div><div><img decoding=\"async\" src=\"https:\/\/mainecooncorp.com\/wp-content\/uploads\/2023\/02\/20230226_112941-copie_edited-copie-735x980.jpg\" alt=\"\" itemprop=\"image\"><\/div><div><img decoding=\"async\" src=\"https:\/\/mainecooncorp.com\/wp-content\/uploads\/2022\/07\/20220414_200248_edited_edited-copie-scaled-735x980.jpg\" alt=\"\" itemprop=\"image\"><\/div><div><img decoding=\"async\" src=\"https:\/\/mainecooncorp.com\/wp-content\/uploads\/2023\/02\/20230215_101716-01_edited-copie-scaled-735x980.jpg\" alt=\"\" itemprop=\"image\"><\/div><div><img decoding=\"async\" src=\"https:\/\/mainecooncorp.com\/wp-content\/uploads\/2018\/05\/IMGL4473-copie_edited-copie-scaled-735x980.jpg\" alt=\"\" itemprop=\"image\"><\/div><div><img decoding=\"async\" src=\"https:\/\/mainecooncorp.com\/wp-content\/uploads\/2022\/06\/IMGL3874-copy_edited-copie-3-scaled-735x980.jpg\" alt=\"\" itemprop=\"image\"><\/div><div><img decoding=\"async\" src=\"https:\/\/mainecooncorp.com\/wp-content\/uploads\/2022\/05\/IMGL3495_edited-copie-scaled-735x980.jpg\" alt=\"\" itemprop=\"image\"><\/div><div><img decoding=\"async\" src=\"https:\/\/mainecooncorp.com\/wp-content\/uploads\/2022\/05\/Tortilla-01052022-photo-5_edited-copie-734x980.jpg\" alt=\"\" itemprop=\"image\"><\/div>\r\n\t\t\t\t\t<\/div>\r\n\t\t\t\t\t\r\n\t\t\t\t<\/div>\r\n\t\t\t[\/vc_column][\/vc_row]<\/p>\n","protected":false},"excerpt":{"rendered":"<p>[vc_row rt_row_background_width=&#8221;fullwidth&#8221; rt_row_content_width=&#8221;default&#8221; rt_row_style=&#8221;alt-style-1&#8243; rt_row_borders=&#8221;&#8221; rt_grid=&#8221;true&#8221; rt_row_paddings=&#8221;true&#8221; rt_bg_effect=&#8221;classic&#8221; rt_bg_image_repeat=&#8221;repeat&#8221; rt_bg_size=&#8221;cover&#8221; rt_bg_position=&#8221;right top&#8221; rt_bg_attachment=&#8221;scroll&#8221; rt_bg_video_format=&#8221;self-hosted&#8221; rt_padding_top=&#8221;60&#8243; rt_padding_bottom=&#8221;60&#8243;][vc_column rt_wrp_col_paddings=&#8221;false&#8221; rt_border_top=&#8221;&#8221; rt_border_bottom=&#8221;&#8221; rt_border_left=&#8221;&#8221; rt_border_right=&#8221;&#8221; rt_border_top_mobile=&#8221;&#8221; rt_border_bottom_mobile=&#8221;&#8221; rt_border_left_mobile=&#8221;&#8221; rt_border_right_mobile=&#8221;&#8221; rt_bg_image_repeat=&#8221;repeat&#8221; rt_bg_size=&#8221;auto auto&#8221; rt_bg_position=&#8221;right top&#8221; rt_bg_attachment=&#8221;scroll&#8221;][vc_column_text]Maine Coon Corp. is a professional family breeder specializing in shaded maine coons. This means that all our cats and kittens benefit from professional attention [&hellip;]<\/p>\n","protected":false},"author":2,"featured_media":0,"parent":0,"menu_order":0,"comment_status":"closed","ping_status":"closed","template":"","meta":{"_monsterinsights_skip_tracking":false,"_monsterinsights_sitenote_active":false,"_monsterinsights_sitenote_note":"","_monsterinsights_sitenote_category":0,"footnotes":""},"class_list":["post-5253","page","type-page","status-publish","hentry"],"yoast_head":"<!-- This site is optimized with the Yoast SEO plugin v27.5 - https:\/\/yoast.com\/product\/yoast-seo-wordpress\/ -->\n<title>About us ... - Maine Coon Corp<\/title>\n<meta name=\"robots\" content=\"index, follow, max-snippet:-1, max-image-preview:large, max-video-preview:-1\" \/>\n<link rel=\"canonical\" href=\"https:\/\/mainecooncorp.com\/en\/a-propos-de\/\" \/>\n<meta property=\"og:locale\" content=\"en_US\" \/>\n<meta property=\"og:type\" content=\"article\" \/>\n<meta property=\"og:title\" content=\"About us ... - Maine Coon Corp\" \/>\n<meta property=\"og:description\" content=\"[vc_row rt_row_background_width=&#8221;fullwidth&#8221; rt_row_content_width=&#8221;default&#8221; rt_row_style=&#8221;alt-style-1&#8243; rt_row_borders=&#8221;&#8221; rt_grid=&#8221;true&#8221; rt_row_paddings=&#8221;true&#8221; rt_bg_effect=&#8221;classic&#8221; rt_bg_image_repeat=&#8221;repeat&#8221; rt_bg_size=&#8221;cover&#8221; rt_bg_position=&#8221;right top&#8221; rt_bg_attachment=&#8221;scroll&#8221; rt_bg_video_format=&#8221;self-hosted&#8221; rt_padding_top=&#8221;60&#8243; rt_padding_bottom=&#8221;60&#8243;][vc_column rt_wrp_col_paddings=&#8221;false&#8221; rt_border_top=&#8221;&#8221; rt_border_bottom=&#8221;&#8221; rt_border_left=&#8221;&#8221; rt_border_right=&#8221;&#8221; rt_border_top_mobile=&#8221;&#8221; rt_border_bottom_mobile=&#8221;&#8221; rt_border_left_mobile=&#8221;&#8221; rt_border_right_mobile=&#8221;&#8221; rt_bg_image_repeat=&#8221;repeat&#8221; rt_bg_size=&#8221;auto auto&#8221; rt_bg_position=&#8221;right top&#8221; rt_bg_attachment=&#8221;scroll&#8221;][vc_column_text]Maine Coon Corp. is a professional family breeder specializing in shaded maine coons. This means that all our cats and kittens benefit from professional attention [&hellip;]\" \/>\n<meta property=\"og:url\" content=\"https:\/\/mainecooncorp.com\/en\/a-propos-de\/\" \/>\n<meta property=\"og:site_name\" content=\"Maine Coon Corp\" \/>\n<meta property=\"article:modified_time\" content=\"2023-04-08T18:15:10+00:00\" \/>\n<meta name=\"twitter:card\" content=\"summary_large_image\" \/>\n<meta name=\"twitter:label1\" content=\"Est. reading time\" \/>\n\t<meta name=\"twitter:data1\" content=\"3 minutes\" \/>\n<script type=\"application\/ld+json\" class=\"yoast-schema-graph\">{\"@context\":\"https:\\\/\\\/schema.org\",\"@graph\":[{\"@type\":\"WebPage\",\"@id\":\"https:\\\/\\\/mainecooncorp.com\\\/en\\\/a-propos-de\\\/\",\"url\":\"https:\\\/\\\/mainecooncorp.com\\\/en\\\/a-propos-de\\\/\",\"name\":\"About us ... - Maine Coon Corp\",\"isPartOf\":{\"@id\":\"https:\\\/\\\/mainecooncorp.com\\\/en\\\/#website\"},\"datePublished\":\"2015-02-02T03:30:57+00:00\",\"dateModified\":\"2023-04-08T18:15:10+00:00\",\"breadcrumb\":{\"@id\":\"https:\\\/\\\/mainecooncorp.com\\\/en\\\/a-propos-de\\\/#breadcrumb\"},\"inLanguage\":\"en-US\",\"potentialAction\":[{\"@type\":\"ReadAction\",\"target\":[\"https:\\\/\\\/mainecooncorp.com\\\/en\\\/a-propos-de\\\/\"]}]},{\"@type\":\"BreadcrumbList\",\"@id\":\"https:\\\/\\\/mainecooncorp.com\\\/en\\\/a-propos-de\\\/#breadcrumb\",\"itemListElement\":[{\"@type\":\"ListItem\",\"position\":1,\"name\":\"Home\",\"item\":\"https:\\\/\\\/mainecooncorp.com\\\/en\\\/\"},{\"@type\":\"ListItem\",\"position\":2,\"name\":\"About us &#8230;\"}]},{\"@type\":\"WebSite\",\"@id\":\"https:\\\/\\\/mainecooncorp.com\\\/en\\\/#website\",\"url\":\"https:\\\/\\\/mainecooncorp.com\\\/en\\\/\",\"name\":\"Maine Coon Corp\",\"description\":\"Chatons Shaded &amp; Shell\",\"potentialAction\":[{\"@type\":\"SearchAction\",\"target\":{\"@type\":\"EntryPoint\",\"urlTemplate\":\"https:\\\/\\\/mainecooncorp.com\\\/en\\\/?s={search_term_string}\"},\"query-input\":{\"@type\":\"PropertyValueSpecification\",\"valueRequired\":true,\"valueName\":\"search_term_string\"}}],\"inLanguage\":\"en-US\"}]}<\/script>\n<!-- \/ Yoast SEO plugin. -->","yoast_head_json":{"title":"About us ... - Maine Coon Corp","robots":{"index":"index","follow":"follow","max-snippet":"max-snippet:-1","max-image-preview":"max-image-preview:large","max-video-preview":"max-video-preview:-1"},"canonical":"https:\/\/mainecooncorp.com\/en\/a-propos-de\/","og_locale":"en_US","og_type":"article","og_title":"About us ... - Maine Coon Corp","og_description":"[vc_row rt_row_background_width=&#8221;fullwidth&#8221; rt_row_content_width=&#8221;default&#8221; rt_row_style=&#8221;alt-style-1&#8243; rt_row_borders=&#8221;&#8221; rt_grid=&#8221;true&#8221; rt_row_paddings=&#8221;true&#8221; rt_bg_effect=&#8221;classic&#8221; rt_bg_image_repeat=&#8221;repeat&#8221; rt_bg_size=&#8221;cover&#8221; rt_bg_position=&#8221;right top&#8221; rt_bg_attachment=&#8221;scroll&#8221; rt_bg_video_format=&#8221;self-hosted&#8221; rt_padding_top=&#8221;60&#8243; rt_padding_bottom=&#8221;60&#8243;][vc_column rt_wrp_col_paddings=&#8221;false&#8221; rt_border_top=&#8221;&#8221; rt_border_bottom=&#8221;&#8221; rt_border_left=&#8221;&#8221; rt_border_right=&#8221;&#8221; rt_border_top_mobile=&#8221;&#8221; rt_border_bottom_mobile=&#8221;&#8221; rt_border_left_mobile=&#8221;&#8221; rt_border_right_mobile=&#8221;&#8221; rt_bg_image_repeat=&#8221;repeat&#8221; rt_bg_size=&#8221;auto auto&#8221; rt_bg_position=&#8221;right top&#8221; rt_bg_attachment=&#8221;scroll&#8221;][vc_column_text]Maine Coon Corp. is a professional family breeder specializing in shaded maine coons. This means that all our cats and kittens benefit from professional attention [&hellip;]","og_url":"https:\/\/mainecooncorp.com\/en\/a-propos-de\/","og_site_name":"Maine Coon Corp","article_modified_time":"2023-04-08T18:15:10+00:00","twitter_card":"summary_large_image","twitter_misc":{"Est. reading time":"3 minutes"},"schema":{"@context":"https:\/\/schema.org","@graph":[{"@type":"WebPage","@id":"https:\/\/mainecooncorp.com\/en\/a-propos-de\/","url":"https:\/\/mainecooncorp.com\/en\/a-propos-de\/","name":"About us ... - Maine Coon Corp","isPartOf":{"@id":"https:\/\/mainecooncorp.com\/en\/#website"},"datePublished":"2015-02-02T03:30:57+00:00","dateModified":"2023-04-08T18:15:10+00:00","breadcrumb":{"@id":"https:\/\/mainecooncorp.com\/en\/a-propos-de\/#breadcrumb"},"inLanguage":"en-US","potentialAction":[{"@type":"ReadAction","target":["https:\/\/mainecooncorp.com\/en\/a-propos-de\/"]}]},{"@type":"BreadcrumbList","@id":"https:\/\/mainecooncorp.com\/en\/a-propos-de\/#breadcrumb","itemListElement":[{"@type":"ListItem","position":1,"name":"Home","item":"https:\/\/mainecooncorp.com\/en\/"},{"@type":"ListItem","position":2,"name":"About us &#8230;"}]},{"@type":"WebSite","@id":"https:\/\/mainecooncorp.com\/en\/#website","url":"https:\/\/mainecooncorp.com\/en\/","name":"Maine Coon Corp","description":"Chatons Shaded &amp; Shell","potentialAction":[{"@type":"SearchAction","target":{"@type":"EntryPoint","urlTemplate":"https:\/\/mainecooncorp.com\/en\/?s={search_term_string}"},"query-input":{"@type":"PropertyValueSpecification","valueRequired":true,"valueName":"search_term_string"}}],"inLanguage":"en-US"}]}},"_links":{"self":[{"href":"https:\/\/mainecooncorp.com\/en\/wp-json\/wp\/v2\/pages\/5253","targetHints":{"allow":["GET"]}}],"collection":[{"href":"https:\/\/mainecooncorp.com\/en\/wp-json\/wp\/v2\/pages"}],"about":[{"href":"https:\/\/mainecooncorp.com\/en\/wp-json\/wp\/v2\/types\/page"}],"author":[{"embeddable":true,"href":"https:\/\/mainecooncorp.com\/en\/wp-json\/wp\/v2\/users\/2"}],"replies":[{"embeddable":true,"href":"https:\/\/mainecooncorp.com\/en\/wp-json\/wp\/v2\/comments?post=5253"}],"version-history":[{"count":0,"href":"https:\/\/mainecooncorp.com\/en\/wp-json\/wp\/v2\/pages\/5253\/revisions"}],"wp:attachment":[{"href":"https:\/\/mainecooncorp.com\/en\/wp-json\/wp\/v2\/media?parent=5253"}],"curies":[{"name":"wp","href":"https:\/\/api.w.org\/{rel}","templated":true}]}}